{"id":101,"date":"2020-06-15T21:16:52","date_gmt":"2020-06-15T21:16:52","guid":{"rendered":"https:\/\/route.ckersten.de\/?page_id=101"},"modified":"2020-06-30T09:31:57","modified_gmt":"2020-06-30T09:31:57","slug":"route-1-station-9","status":"publish","type":"page","link":"https:\/\/route.ckersten.de\/index.php\/route-1\/route-1-station-9\/","title":{"rendered":"Route 1 &#8211; Station 9"},"content":{"rendered":"\n<figure class=\"wp-block-image size-large\"><img decoding=\"async\" loading=\"lazy\" width=\"1024\" height=\"683\" src=\"https:\/\/route.ckersten.de\/wp-content\/uploads\/2020\/06\/Bild-44-1024x683.jpg\" alt=\"\" class=\"wp-image-102\" srcset=\"https:\/\/route.ckersten.de\/wp-content\/uploads\/2020\/06\/Bild-44-1024x683.jpg 1024w, https:\/\/route.ckersten.de\/wp-content\/uploads\/2020\/06\/Bild-44-300x200.jpg 300w, https:\/\/route.ckersten.de\/wp-content\/uploads\/2020\/06\/Bild-44-768x512.jpg 768w, https:\/\/route.ckersten.de\/wp-content\/uploads\/2020\/06\/Bild-44-1536x1024.jpg 1536w, https:\/\/route.ckersten.de\/wp-content\/uploads\/2020\/06\/Bild-44-2048x1365.jpg 2048w, https:\/\/route.ckersten.de\/wp-content\/uploads\/2020\/06\/Bild-44-360x240.jpg 360w\" sizes=\"(max-width: 1024px) 100vw, 1024px\" \/><\/figure>\n\n\n\n<figure class=\"wp-block-image size-large\"><img decoding=\"async\" loading=\"lazy\" width=\"683\" height=\"1024\" src=\"https:\/\/route.ckersten.de\/wp-content\/uploads\/2020\/06\/Bild-46-683x1024.jpg\" alt=\"\" class=\"wp-image-103\" srcset=\"https:\/\/route.ckersten.de\/wp-content\/uploads\/2020\/06\/Bild-46-683x1024.jpg 683w, https:\/\/route.ckersten.de\/wp-content\/uploads\/2020\/06\/Bild-46-200x300.jpg 200w, https:\/\/route.ckersten.de\/wp-content\/uploads\/2020\/06\/Bild-46-768x1152.jpg 768w, https:\/\/route.ckersten.de\/wp-content\/uploads\/2020\/06\/Bild-46-1024x1536.jpg 1024w, https:\/\/route.ckersten.de\/wp-content\/uploads\/2020\/06\/Bild-46-1365x2048.jpg 1365w, https:\/\/route.ckersten.de\/wp-content\/uploads\/2020\/06\/Bild-46-scaled.jpg 1707w\" sizes=\"(max-width: 683px) 100vw, 683px\" \/><\/figure>\n\n\n\n<figure class=\"wp-block-image size-large\"><img decoding=\"async\" loading=\"lazy\" width=\"941\" height=\"1024\" src=\"https:\/\/route.ckersten.de\/wp-content\/uploads\/2020\/06\/Sog.-Barockfabrik-941x1024.jpg\" alt=\"\" class=\"wp-image-283\" srcset=\"https:\/\/route.ckersten.de\/wp-content\/uploads\/2020\/06\/Sog.-Barockfabrik-941x1024.jpg 941w, https:\/\/route.ckersten.de\/wp-content\/uploads\/2020\/06\/Sog.-Barockfabrik-276x300.jpg 276w, https:\/\/route.ckersten.de\/wp-content\/uploads\/2020\/06\/Sog.-Barockfabrik-768x836.jpg 768w, https:\/\/route.ckersten.de\/wp-content\/uploads\/2020\/06\/Sog.-Barockfabrik-1411x1536.jpg 1411w, https:\/\/route.ckersten.de\/wp-content\/uploads\/2020\/06\/Sog.-Barockfabrik.jpg 1416w\" sizes=\"(max-width: 941px) 100vw, 941px\" \/><\/figure>\n\n\n\n<h2>&#8220;Barockfabrik&#8221;<\/h2>\n\n\n\n<p>Das \u00e4lteste noch erhaltene Geb\u00e4ude einer Tuchfabrik ist die am L\u00f6hergraben befindliche sogenannte &#8220;Barockfabrik&#8221;, von dem Tuchfabrikanten Gotthard Startz 1821 zun\u00e4chst als Spinnerei errichtet. Der etwas verwirrende Name r\u00fchrt her von dem sp\u00e4tbarock gepr\u00e4gten Blausteinfassungen der Fenster. Um den 1980 ziemlich desolaten Bau, viergeschossig mit elf zu drei Achsen und einer Tiefe von nur 8,5 Metern, r\u00fcckw\u00e4rtig mit einem zwei zu dreiachsigen Fl\u00fcgel versehen und gedeckt mit einem Mansarddach, neu nutzbar zu machen, wurden die Holzdecken durch Betondecken ersetzt, wobei die Unterz\u00fcge das Erscheinungsbild der Holzdecken nachzuahmen versuchen. Der Holzdachstuhl wurde bis auf einen einzelnen Binder in neuer Form ersetzt. Heute als Kulturhaus von verschiedenen Akteuren belegt, ist in Aachen ein in diesem Erhaltungszustand leider ein einzigartiger Bau aus der fr\u00fchen Zeit des 19. Jahrhunderts sichtbar geblieben. <\/p>\n\n\n\n<p>H\u00e4tte man 1980 den linkerhand von diesem Geb\u00e4ude stehenden zweiten Bau aus sp\u00e4terer Zeit stehen lassen, so w\u00e4re die urspr\u00fcngliche, dem Vorbild des sp\u00e4tbarocken Stadtpalais folgende Dreifl\u00fcgelanlage erhalten geblieben. Wenigstens lie\u00df man die alte Fluchttreppe an der L\u00e4ngsseite sowie den aus der Zeit um 1900 stammenden Kamin stehen, der aber um einige Meter gek\u00fcrzt wurde, womit Aachen um ein kleines St\u00fcck Industriefolklore bereichert wurde.<\/p>\n\n\n\n<div class=\"is-layout-flex wp-block-buttons\">\n<div class=\"wp-block-button\"><a class=\"wp-block-button__link\" href=\"https:\/\/route.ckersten.de\/index.php\/route-1\/route-1-station-8\/\">Vorherige Station<\/a><\/div>\n\n\n\n<div class=\"wp-block-button\"><a class=\"wp-block-button__link\" href=\"https:\/\/route.ckersten.de\/index.php\/route-1\/route-1-station-10\/\">N\u00e4chste Station<\/a><\/div>\n\n\n\n<div class=\"wp-block-button\"><a class=\"wp-block-button__link has-background\" href=\"https:\/\/route.ckersten.de\/index.php\/route-1\/\" style=\"background-color:#ff0004\">Route Verlassen<\/a><\/div>\n<\/div>\n\n\n\n<figure class=\"wp-block-image size-large\"><img decoding=\"async\" loading=\"lazy\" width=\"572\" height=\"798\" src=\"https:\/\/route.ckersten.de\/wp-content\/uploads\/2020\/06\/Route1.9.jpg\" alt=\"\" class=\"wp-image-69\" srcset=\"https:\/\/route.ckersten.de\/wp-content\/uploads\/2020\/06\/Route1.9.jpg 572w, https:\/\/route.ckersten.de\/wp-content\/uploads\/2020\/06\/Route1.9-215x300.jpg 215w\" sizes=\"(max-width: 572px) 100vw, 572px\" \/><\/figure>\n","protected":false},"excerpt":{"rendered":"<p>&#8220;Barockfabrik&#8221; Das \u00e4lteste noch erhaltene Geb\u00e4ude einer Tuchfabrik ist die am L\u00f6hergraben befindliche sogenannte &#8220;Barockfabrik&#8221;, von dem Tuchfabrikanten Gotthard Startz 1821 zun\u00e4chst als Spinnerei errichtet. Der etwas verwirrende Name r\u00fchrt her von dem sp\u00e4tbarock gepr\u00e4gten Blausteinfassungen der Fenster. Um den 1980 ziemlich desolaten Bau, viergeschossig mit elf zu drei Achsen<a class=\"moretag\" href=\"https:\/\/route.ckersten.de\/index.php\/route-1\/route-1-station-9\/\"> Weiterlesen<\/a><\/p>\n","protected":false},"author":1,"featured_media":14,"parent":19,"menu_order":0,"comment_status":"closed","ping_status":"closed","template":"","meta":[],"_links":{"self":[{"href":"https:\/\/route.ckersten.de\/index.php\/wp-json\/wp\/v2\/pages\/101"}],"collection":[{"href":"https:\/\/route.ckersten.de\/index.php\/wp-json\/wp\/v2\/pages"}],"about":[{"href":"https:\/\/route.ckersten.de\/index.php\/wp-json\/wp\/v2\/types\/page"}],"author":[{"embeddable":true,"href":"https:\/\/route.ckersten.de\/index.php\/wp-json\/wp\/v2\/users\/1"}],"replies":[{"embeddable":true,"href":"https:\/\/route.ckersten.de\/index.php\/wp-json\/wp\/v2\/comments?post=101"}],"version-history":[{"count":5,"href":"https:\/\/route.ckersten.de\/index.php\/wp-json\/wp\/v2\/pages\/101\/revisions"}],"predecessor-version":[{"id":354,"href":"https:\/\/route.ckersten.de\/index.php\/wp-json\/wp\/v2\/pages\/101\/revisions\/354"}],"up":[{"embeddable":true,"href":"https:\/\/route.ckersten.de\/index.php\/wp-json\/wp\/v2\/pages\/19"}],"wp:featuredmedia":[{"embeddable":true,"href":"https:\/\/route.ckersten.de\/index.php\/wp-json\/wp\/v2\/media\/14"}],"wp:attachment":[{"href":"https:\/\/route.ckersten.de\/index.php\/wp-json\/wp\/v2\/media?parent=101"}],"curies":[{"name":"wp","href":"https:\/\/api.w.org\/{rel}","templated":true}]}}