{"id":106,"date":"2020-06-15T21:20:44","date_gmt":"2020-06-15T21:20:44","guid":{"rendered":"https:\/\/route.ckersten.de\/?page_id=106"},"modified":"2020-06-30T09:34:50","modified_gmt":"2020-06-30T09:34:50","slug":"route-1-station-10","status":"publish","type":"page","link":"https:\/\/route.ckersten.de\/index.php\/route-1\/route-1-station-10\/","title":{"rendered":"Route 1 &#8211; Station 10"},"content":{"rendered":"\n<figure class=\"wp-block-image size-large\"><img decoding=\"async\" loading=\"lazy\" width=\"1024\" height=\"683\" src=\"https:\/\/route.ckersten.de\/wp-content\/uploads\/2020\/06\/Bild-47-1024x683.jpg\" alt=\"\" class=\"wp-image-107\" srcset=\"https:\/\/route.ckersten.de\/wp-content\/uploads\/2020\/06\/Bild-47-1024x683.jpg 1024w, https:\/\/route.ckersten.de\/wp-content\/uploads\/2020\/06\/Bild-47-300x200.jpg 300w, https:\/\/route.ckersten.de\/wp-content\/uploads\/2020\/06\/Bild-47-768x512.jpg 768w, https:\/\/route.ckersten.de\/wp-content\/uploads\/2020\/06\/Bild-47-1536x1024.jpg 1536w, https:\/\/route.ckersten.de\/wp-content\/uploads\/2020\/06\/Bild-47-2048x1365.jpg 2048w, https:\/\/route.ckersten.de\/wp-content\/uploads\/2020\/06\/Bild-47-360x240.jpg 360w\" sizes=\"(max-width: 1024px) 100vw, 1024px\" \/><\/figure>\n\n\n\n<figure class=\"wp-block-image size-large\"><img decoding=\"async\" loading=\"lazy\" width=\"1024\" height=\"497\" src=\"https:\/\/route.ckersten.de\/wp-content\/uploads\/2020\/06\/Nadelfabrik-Beissel-1024x497.jpg\" alt=\"\" class=\"wp-image-285\" srcset=\"https:\/\/route.ckersten.de\/wp-content\/uploads\/2020\/06\/Nadelfabrik-Beissel-1024x497.jpg 1024w, https:\/\/route.ckersten.de\/wp-content\/uploads\/2020\/06\/Nadelfabrik-Beissel-300x146.jpg 300w, https:\/\/route.ckersten.de\/wp-content\/uploads\/2020\/06\/Nadelfabrik-Beissel-768x373.jpg 768w, https:\/\/route.ckersten.de\/wp-content\/uploads\/2020\/06\/Nadelfabrik-Beissel-1536x746.jpg 1536w, https:\/\/route.ckersten.de\/wp-content\/uploads\/2020\/06\/Nadelfabrik-Beissel-2048x994.jpg 2048w\" sizes=\"(max-width: 1024px) 100vw, 1024px\" \/><\/figure>\n\n\n\n<h2>Nadelfabrik Beissel<\/h2>\n\n\n\n<p>Die Geschichte der Aachener Nadelfabrik \u201cStefan Beissel sel. Wwe. &amp; Sohn\u201c, vielen nur als \u201cSelige Witwe\u201c bekannt, reicht bis 1730 zur\u00fcck. Bereits 1688 hatte sich Beissel durch die Heirat mit der Witwe des bekannten Nadelmachers Quirinus Chorus d.\u00c4. das Zunftrecht an der Nadelherstellung erworben. Als bevorzugte Exportl\u00e4nder der Nadelfabrik, die 1793 in das von Stephan Beissels Enkel erworbene Fabrikgel\u00e4nde im Pontdriesch verlegt worden war, werden Frankreich und Spanien genannt. 1841 vergr\u00f6\u00dferte sich Beissels Nadelfabrik durch den Ankauf der Firma \u201cSpringsfeld &amp; Sohn\u201c, weshalb man 1846 gezwungen war in die Jakobstra\u00dfe umzuziehen. 1847 l\u00f6ste die maschinelle Fertigung mit Hilfe einer Dampfmaschine die handwerkliche ab, die Produktion stieg auf eine j\u00e4hrliche Zahl von 120 Millionen Nadeln. Ab 1856 war der Betrieb so fortschrittlich, dass sogar erste Exporte nach \u00dcbersee get\u00e4tigt werden konnten.<\/p>\n\n\n\n<p>Der Ausbruch des 1. Weltkriegs brachte der Firma schwere Probleme, da durch den Krieg die Exporte ins Ausland g\u00e4nzlich eingestellt werden mussten. Auch im kurzzeitig folgenden Frieden konnte das Unternehmen nicht zu alter St\u00e4rke zur\u00fcckfinden. W\u00e4hrend des 2. Weltkriegs schlie\u00dflich wurde der Betrieb zu 80% zerst\u00f6rt. Doch dank harter Wiederaufbauarbeit konnte die Produktion bereits 1948 mit 100 Arbeitern wieder aufgenommen werden. Obwohl aber der Konkurrenzkampf weitestgehend abgeschw\u00e4cht war, die Betriebe sogar untereinander ihre Erfahrungen austauschten, nahm die Bedeutung der Nadelindustrie weiter ab. Die Unternehmen mussten sich mehr und mehr spezialisieren. So stellte Beissel bald nur noch Buchbinder- und Pelznadeln her; man vers\u00e4umte, sich rechtzeitig auf neue Produkte, Produktionstechniken und M\u00e4rkte einzustellen, was zur Folge hatte, dass unter anderem der gesamte Absatzmarkt in Osteuropa wegfiel.<\/p>\n\n\n\n<p>Bis Anfang der 90er-Jahre konnte sich das Unternehmen durch st\u00e4ndige Verkleinerungen m\u00fchsam halten, dann aber war der Betrieb nicht mehr aufrecht zu erhalten. Am 31.12.1993 wurde das Werk stillgelegt. Die R\u00e4umlichkeiten des Verwaltungsgeb\u00e4udes in der Jakobstra\u00dfe sind inzwischen renoviert und werden zu Wohnzwecken und als B\u00fcror\u00e4ume genutzt; nur die inzwischen erneuerte Fassade erinnert noch an die alte Nadelfabrik.<\/p>\n\n\n\n<hr class=\"wp-block-separator\"\/>\n\n\n\n<figure class=\"wp-block-image size-large\"><img decoding=\"async\" loading=\"lazy\" width=\"1024\" height=\"683\" src=\"https:\/\/route.ckersten.de\/wp-content\/uploads\/2020\/06\/Bild-48-1024x683.jpg\" alt=\"\" class=\"wp-image-225\" srcset=\"https:\/\/route.ckersten.de\/wp-content\/uploads\/2020\/06\/Bild-48-1024x683.jpg 1024w, https:\/\/route.ckersten.de\/wp-content\/uploads\/2020\/06\/Bild-48-300x200.jpg 300w, https:\/\/route.ckersten.de\/wp-content\/uploads\/2020\/06\/Bild-48-768x512.jpg 768w, https:\/\/route.ckersten.de\/wp-content\/uploads\/2020\/06\/Bild-48-1536x1024.jpg 1536w, https:\/\/route.ckersten.de\/wp-content\/uploads\/2020\/06\/Bild-48-2048x1365.jpg 2048w, https:\/\/route.ckersten.de\/wp-content\/uploads\/2020\/06\/Bild-48-360x240.jpg 360w\" sizes=\"(max-width: 1024px) 100vw, 1024px\" \/><\/figure>\n\n\n\n<figure class=\"wp-block-image size-large\"><img decoding=\"async\" loading=\"lazy\" width=\"1024\" height=\"313\" src=\"https:\/\/route.ckersten.de\/wp-content\/uploads\/2020\/06\/Fabrikantenhaus-Jakobstra\u00dfe-1024x313.jpg\" alt=\"\" class=\"wp-image-286\" srcset=\"https:\/\/route.ckersten.de\/wp-content\/uploads\/2020\/06\/Fabrikantenhaus-Jakobstra\u00dfe-1024x313.jpg 1024w, https:\/\/route.ckersten.de\/wp-content\/uploads\/2020\/06\/Fabrikantenhaus-Jakobstra\u00dfe-300x92.jpg 300w, https:\/\/route.ckersten.de\/wp-content\/uploads\/2020\/06\/Fabrikantenhaus-Jakobstra\u00dfe-768x235.jpg 768w, https:\/\/route.ckersten.de\/wp-content\/uploads\/2020\/06\/Fabrikantenhaus-Jakobstra\u00dfe-1536x470.jpg 1536w, https:\/\/route.ckersten.de\/wp-content\/uploads\/2020\/06\/Fabrikantenhaus-Jakobstra\u00dfe-2048x626.jpg 2048w\" sizes=\"(max-width: 1024px) 100vw, 1024px\" \/><\/figure>\n\n\n\n<h2>Fabrikantenhaus Jakobstra\u00dfe 35<\/h2>\n\n\n\n<p>Wenige Meter weiter befindet sich ein Fabrikantenhaus. Im Jahre 1798 erwarb der Tuchfabrikant Edmund Joseph Kelleter (1741-1821) das repr\u00e4sentative Haus in der Jakobstra\u00dfe 35. Erbaut wurde das Geb\u00e4ude bereits 1669 vom ehemaligen B\u00fcrgermeister Johann Bertram von Wylre. 1804 besuchte unter anderem auch Kaiser Napoleon Kelleter in seinem Anwesen. Hinter dem Anwesen lie\u00df Kelleter einen (heute nicht mehr vorhandenen) Werkbau errichten, in dem er eine Tuchfabrik einrichtete. Neben einer Dampfmaschine war die Fabrik auch mit einer Leuchtgasanlage ausgestattet. Das Gas daf\u00fcr produzierte man damals in der Fabrik selber. Nach dem Tod von Kelleters Sohn \u00fcbernahm der Nadelfabrikant Heinrich N\u00fctten die Fabrik und nutzte diese fortan als Nadelfabrik. 1861 erfolgte die n\u00e4chste \u00dcbernahme, und zwar durch den Kratzen- und Nadelfabrikant Eduard Alexander Heusch (1833-1890), welcher eine der ersten Kratzenfabriken in Aachen betrieb.<\/p>\n\n\n\n<div class=\"is-layout-flex wp-block-buttons\">\n<div class=\"wp-block-button\"><a class=\"wp-block-button__link\" href=\"https:\/\/route.ckersten.de\/index.php\/route-1\/route-1-station-9\/\">Vorherige Station<\/a><\/div>\n\n\n\n<div class=\"wp-block-button\"><a class=\"wp-block-button__link has-text-color has-black-color has-background\" href=\"https:\/\/route.ckersten.de\/\" style=\"background-color:#59ff43\"><span class=\"has-inline-color has-black-color\">Route beenden<\/span><\/a><\/div>\n<\/div>\n\n\n\n<figure class=\"wp-block-image size-large\"><img decoding=\"async\" loading=\"lazy\" width=\"572\" height=\"798\" src=\"https:\/\/route.ckersten.de\/wp-content\/uploads\/2020\/06\/Route1.10.jpg\" alt=\"\" class=\"wp-image-70\" srcset=\"https:\/\/route.ckersten.de\/wp-content\/uploads\/2020\/06\/Route1.10.jpg 572w, https:\/\/route.ckersten.de\/wp-content\/uploads\/2020\/06\/Route1.10-215x300.jpg 215w\" sizes=\"(max-width: 572px) 100vw, 572px\" \/><\/figure>\n","protected":false},"excerpt":{"rendered":"<p>Nadelfabrik Beissel Die Geschichte der Aachener Nadelfabrik \u201cStefan Beissel sel. Wwe. &amp; Sohn\u201c, vielen nur als \u201cSelige Witwe\u201c bekannt, reicht bis 1730 zur\u00fcck. Bereits 1688 hatte sich Beissel durch die Heirat mit der Witwe des bekannten Nadelmachers Quirinus Chorus d.\u00c4. das Zunftrecht an der Nadelherstellung erworben. Als bevorzugte Exportl\u00e4nder der<a class=\"moretag\" href=\"https:\/\/route.ckersten.de\/index.php\/route-1\/route-1-station-10\/\"> Weiterlesen<\/a><\/p>\n","protected":false},"author":1,"featured_media":14,"parent":19,"menu_order":0,"comment_status":"closed","ping_status":"closed","template":"","meta":[],"_links":{"self":[{"href":"https:\/\/route.ckersten.de\/index.php\/wp-json\/wp\/v2\/pages\/106"}],"collection":[{"href":"https:\/\/route.ckersten.de\/index.php\/wp-json\/wp\/v2\/pages"}],"about":[{"href":"https:\/\/route.ckersten.de\/index.php\/wp-json\/wp\/v2\/types\/page"}],"author":[{"embeddable":true,"href":"https:\/\/route.ckersten.de\/index.php\/wp-json\/wp\/v2\/users\/1"}],"replies":[{"embeddable":true,"href":"https:\/\/route.ckersten.de\/index.php\/wp-json\/wp\/v2\/comments?post=106"}],"version-history":[{"count":10,"href":"https:\/\/route.ckersten.de\/index.php\/wp-json\/wp\/v2\/pages\/106\/revisions"}],"predecessor-version":[{"id":363,"href":"https:\/\/route.ckersten.de\/index.php\/wp-json\/wp\/v2\/pages\/106\/revisions\/363"}],"up":[{"embeddable":true,"href":"https:\/\/route.ckersten.de\/index.php\/wp-json\/wp\/v2\/pages\/19"}],"wp:featuredmedia":[{"embeddable":true,"href":"https:\/\/route.ckersten.de\/index.php\/wp-json\/wp\/v2\/media\/14"}],"wp:attachment":[{"href":"https:\/\/route.ckersten.de\/index.php\/wp-json\/wp\/v2\/media?parent=106"}],"curies":[{"name":"wp","href":"https:\/\/api.w.org\/{rel}","templated":true}]}}