{"id":23,"date":"2020-06-15T16:46:09","date_gmt":"2020-06-15T16:46:09","guid":{"rendered":"https:\/\/route.ckersten.de\/?page_id=23"},"modified":"2020-06-29T13:28:34","modified_gmt":"2020-06-29T13:28:34","slug":"route-1-station-1","status":"publish","type":"page","link":"https:\/\/route.ckersten.de\/index.php\/route-1\/route-1-station-1\/","title":{"rendered":"Route 1 &#8211; Station 1"},"content":{"rendered":"\n<div class=\"wp-block-image\"><figure class=\"aligncenter size-large\"><img decoding=\"async\" loading=\"lazy\" width=\"1024\" height=\"683\" src=\"https:\/\/route.ckersten.de\/wp-content\/uploads\/2020\/06\/Bild-1-1024x683.jpg\" alt=\"\" class=\"wp-image-29\" srcset=\"https:\/\/route.ckersten.de\/wp-content\/uploads\/2020\/06\/Bild-1-1024x683.jpg 1024w, https:\/\/route.ckersten.de\/wp-content\/uploads\/2020\/06\/Bild-1-300x200.jpg 300w, https:\/\/route.ckersten.de\/wp-content\/uploads\/2020\/06\/Bild-1-768x512.jpg 768w, https:\/\/route.ckersten.de\/wp-content\/uploads\/2020\/06\/Bild-1-1536x1024.jpg 1536w, https:\/\/route.ckersten.de\/wp-content\/uploads\/2020\/06\/Bild-1-2048x1365.jpg 2048w, https:\/\/route.ckersten.de\/wp-content\/uploads\/2020\/06\/Bild-1-360x240.jpg 360w\" sizes=\"(max-width: 1024px) 100vw, 1024px\" \/><\/figure><\/div>\n\n\n\n<figure class=\"wp-block-image size-large\"><img decoding=\"async\" loading=\"lazy\" width=\"1024\" height=\"640\" src=\"https:\/\/route.ckersten.de\/wp-content\/uploads\/2020\/06\/Tuchfabrik-Marx-Auerbach-1024x640.jpg\" alt=\"\" class=\"wp-image-272\" srcset=\"https:\/\/route.ckersten.de\/wp-content\/uploads\/2020\/06\/Tuchfabrik-Marx-Auerbach-1024x640.jpg 1024w, https:\/\/route.ckersten.de\/wp-content\/uploads\/2020\/06\/Tuchfabrik-Marx-Auerbach-300x187.jpg 300w, https:\/\/route.ckersten.de\/wp-content\/uploads\/2020\/06\/Tuchfabrik-Marx-Auerbach-768x480.jpg 768w, https:\/\/route.ckersten.de\/wp-content\/uploads\/2020\/06\/Tuchfabrik-Marx-Auerbach-1536x959.jpg 1536w, https:\/\/route.ckersten.de\/wp-content\/uploads\/2020\/06\/Tuchfabrik-Marx-Auerbach.jpg 1907w\" sizes=\"(max-width: 1024px) 100vw, 1024px\" \/><\/figure>\n\n\n\n<h2>Tuchfabrik Marx &amp; Auerbach <\/h2>\n\n\n\n<div class=\"is-layout-flow wp-block-group\"><div class=\"wp-block-group__inner-container\">\n<div class=\"is-layout-flow wp-block-group\"><div class=\"wp-block-group__inner-container\">\n<div class=\"is-layout-flow wp-block-group\"><div class=\"wp-block-group__inner-container\"><\/div><\/div>\n<\/div><\/div>\n\n\n\n<div class=\"is-layout-flow wp-block-group\"><div class=\"wp-block-group__inner-container\">\n<p>An der Stra\u00dfenecke Eilfschornsteinstra\u00dfe \/ Templergraben erinnert ein f\u00fcnfgeschossiger, massiver Ziegelbau an die Zeit der Industrialisierung Aachens. 1841 beantrage die Firma \u201eN. Marx &amp; Lippmann\u201c, in einem Haus am Schweinemarkt (sp\u00e4ter Templergraben) eine F\u00e4rberei einrichten zu d\u00fcrfen. Es ist davon auszugehen, dass es sich bei dieser Firma um eine Tuchfabrik handelte. 1845 folgte der Antrag f\u00fcr eine Inbetriebnahme einer Dampfmaschine zum Antrieb einer Spinnerei. 1861 wird die Fabrik um das heute noch bestehende Geb\u00e4ude an der Eilfschornsteinstra\u00dfe erweitert. Als Architekt fungierte mit gro\u00dfer Wahrscheinlichkeit Stadtbaumeister Friedrich Ark. In der Zeit bis 1874 wurde die Kraftanlage (Dampfkessel) vier Mal erweitert. Ab 1886 hei\u00dft das Unternehmen \u201eMarx &amp; Auerbach\u201c. Unter diesem Namen existierte das Unternehmen bis kurz vor dem 2. Weltkrieg, als der Betrieb arisiert wurde, d.h. es kam zu einer erzwungenen Enteignung der j\u00fcdischen Eigent\u00fcmerfamilie. Zwischen 1955 und 1958 wurde das an der Eilfschornsteinstra\u00dfe gelegene Fabrikgeb\u00e4ude renoviert und umgebaut. Seither dient es der RWTH Aachen als Instituts- bzw. Verwaltungsgeb\u00e4ude.<\/p>\n<\/div><\/div>\n<\/div><\/div>\n\n\n\n<div class=\"is-layout-flex wp-block-buttons\">\n<div class=\"wp-block-button\"><a class=\"wp-block-button__link has-background\" href=\"https:\/\/route.ckersten.de\/index.php\/route-1\/\" style=\"background-color:#fc2327\">Route verlassen<\/a><\/div>\n\n\n\n<div class=\"wp-block-button\"><a class=\"wp-block-button__link\" href=\"https:\/\/route.ckersten.de\/index.php\/route-1\/route-1-station-2\/\">N\u00e4chste Station <\/a><\/div>\n<\/div>\n\n\n\n<figure class=\"wp-block-image size-large\"><img decoding=\"async\" loading=\"lazy\" width=\"572\" height=\"798\" src=\"https:\/\/route.ckersten.de\/wp-content\/uploads\/2020\/06\/Route1.1.jpg\" alt=\"\" class=\"wp-image-61\" srcset=\"https:\/\/route.ckersten.de\/wp-content\/uploads\/2020\/06\/Route1.1.jpg 572w, https:\/\/route.ckersten.de\/wp-content\/uploads\/2020\/06\/Route1.1-215x300.jpg 215w\" sizes=\"(max-width: 572px) 100vw, 572px\" \/><\/figure>\n\n\n\n<p><\/p>\n","protected":false},"excerpt":{"rendered":"<p>Tuchfabrik Marx &amp; Auerbach An der Stra\u00dfenecke Eilfschornsteinstra\u00dfe \/ Templergraben erinnert ein f\u00fcnfgeschossiger, massiver Ziegelbau an die Zeit der Industrialisierung Aachens. 1841 beantrage die Firma \u201eN. Marx &amp; Lippmann\u201c, in einem Haus am Schweinemarkt (sp\u00e4ter Templergraben) eine F\u00e4rberei einrichten zu d\u00fcrfen. Es ist davon auszugehen, dass es sich bei dieser<a class=\"moretag\" href=\"https:\/\/route.ckersten.de\/index.php\/route-1\/route-1-station-1\/\"> Weiterlesen<\/a><\/p>\n","protected":false},"author":1,"featured_media":14,"parent":19,"menu_order":0,"comment_status":"closed","ping_status":"closed","template":"","meta":[],"_links":{"self":[{"href":"https:\/\/route.ckersten.de\/index.php\/wp-json\/wp\/v2\/pages\/23"}],"collection":[{"href":"https:\/\/route.ckersten.de\/index.php\/wp-json\/wp\/v2\/pages"}],"about":[{"href":"https:\/\/route.ckersten.de\/index.php\/wp-json\/wp\/v2\/types\/page"}],"author":[{"embeddable":true,"href":"https:\/\/route.ckersten.de\/index.php\/wp-json\/wp\/v2\/users\/1"}],"replies":[{"embeddable":true,"href":"https:\/\/route.ckersten.de\/index.php\/wp-json\/wp\/v2\/comments?post=23"}],"version-history":[{"count":10,"href":"https:\/\/route.ckersten.de\/index.php\/wp-json\/wp\/v2\/pages\/23\/revisions"}],"predecessor-version":[{"id":273,"href":"https:\/\/route.ckersten.de\/index.php\/wp-json\/wp\/v2\/pages\/23\/revisions\/273"}],"up":[{"embeddable":true,"href":"https:\/\/route.ckersten.de\/index.php\/wp-json\/wp\/v2\/pages\/19"}],"wp:featuredmedia":[{"embeddable":true,"href":"https:\/\/route.ckersten.de\/index.php\/wp-json\/wp\/v2\/media\/14"}],"wp:attachment":[{"href":"https:\/\/route.ckersten.de\/index.php\/wp-json\/wp\/v2\/media?parent=23"}],"curies":[{"name":"wp","href":"https:\/\/api.w.org\/{rel}","templated":true}]}}