{"id":34,"date":"2020-06-15T17:44:56","date_gmt":"2020-06-15T17:44:56","guid":{"rendered":"https:\/\/route.ckersten.de\/?page_id=34"},"modified":"2020-06-30T09:13:39","modified_gmt":"2020-06-30T09:13:39","slug":"route-1-station-2","status":"publish","type":"page","link":"https:\/\/route.ckersten.de\/index.php\/route-1\/route-1-station-2\/","title":{"rendered":"Route 1 &#8211; Station 2"},"content":{"rendered":"\n<figure class=\"wp-block-image size-large\"><img decoding=\"async\" loading=\"lazy\" width=\"1024\" height=\"683\" src=\"https:\/\/route.ckersten.de\/wp-content\/uploads\/2020\/06\/Bild-6-1024x683.jpg\" alt=\"\" class=\"wp-image-36\" srcset=\"https:\/\/route.ckersten.de\/wp-content\/uploads\/2020\/06\/Bild-6-1024x683.jpg 1024w, https:\/\/route.ckersten.de\/wp-content\/uploads\/2020\/06\/Bild-6-300x200.jpg 300w, https:\/\/route.ckersten.de\/wp-content\/uploads\/2020\/06\/Bild-6-768x512.jpg 768w, https:\/\/route.ckersten.de\/wp-content\/uploads\/2020\/06\/Bild-6-1536x1024.jpg 1536w, https:\/\/route.ckersten.de\/wp-content\/uploads\/2020\/06\/Bild-6-2048x1365.jpg 2048w, https:\/\/route.ckersten.de\/wp-content\/uploads\/2020\/06\/Bild-6-360x240.jpg 360w\" sizes=\"(max-width: 1024px) 100vw, 1024px\" \/><\/figure>\n\n\n\n<figure class=\"wp-block-image size-large\"><img decoding=\"async\" loading=\"lazy\" width=\"1024\" height=\"667\" src=\"https:\/\/route.ckersten.de\/wp-content\/uploads\/2020\/06\/Degraa-B\u00e4renhof-1024x667.jpg\" alt=\"\" class=\"wp-image-227\" srcset=\"https:\/\/route.ckersten.de\/wp-content\/uploads\/2020\/06\/Degraa-B\u00e4renhof-1024x667.jpg 1024w, https:\/\/route.ckersten.de\/wp-content\/uploads\/2020\/06\/Degraa-B\u00e4renhof-300x196.jpg 300w, https:\/\/route.ckersten.de\/wp-content\/uploads\/2020\/06\/Degraa-B\u00e4renhof-768x500.jpg 768w, https:\/\/route.ckersten.de\/wp-content\/uploads\/2020\/06\/Degraa-B\u00e4renhof-1536x1001.jpg 1536w, https:\/\/route.ckersten.de\/wp-content\/uploads\/2020\/06\/Degraa-B\u00e4renhof-2048x1335.jpg 2048w\" sizes=\"(max-width: 1024px) 100vw, 1024px\" \/><\/figure>\n\n\n\n<figure class=\"wp-block-image size-large\"><img decoding=\"async\" loading=\"lazy\" width=\"1024\" height=\"857\" src=\"https:\/\/route.ckersten.de\/wp-content\/uploads\/2020\/06\/Degraa-Ba\u0308renhof-1-1024x857.jpg\" alt=\"\" class=\"wp-image-299\" srcset=\"https:\/\/route.ckersten.de\/wp-content\/uploads\/2020\/06\/Degraa-Ba\u0308renhof-1-1024x857.jpg 1024w, https:\/\/route.ckersten.de\/wp-content\/uploads\/2020\/06\/Degraa-Ba\u0308renhof-1-300x251.jpg 300w, https:\/\/route.ckersten.de\/wp-content\/uploads\/2020\/06\/Degraa-Ba\u0308renhof-1-768x642.jpg 768w, https:\/\/route.ckersten.de\/wp-content\/uploads\/2020\/06\/Degraa-Ba\u0308renhof-1-1536x1285.jpg 1536w, https:\/\/route.ckersten.de\/wp-content\/uploads\/2020\/06\/Degraa-Ba\u0308renhof-1-2048x1713.jpg 2048w\" sizes=\"(max-width: 1024px) 100vw, 1024px\" \/><\/figure>\n\n\n\n<figure class=\"wp-block-image size-large\"><img decoding=\"async\" loading=\"lazy\" width=\"1024\" height=\"667\" src=\"https:\/\/route.ckersten.de\/wp-content\/uploads\/2020\/06\/Degraa-Ba\u0308renhof-2-1024x667.jpg\" alt=\"\" class=\"wp-image-300\" srcset=\"https:\/\/route.ckersten.de\/wp-content\/uploads\/2020\/06\/Degraa-Ba\u0308renhof-2-1024x667.jpg 1024w, https:\/\/route.ckersten.de\/wp-content\/uploads\/2020\/06\/Degraa-Ba\u0308renhof-2-300x195.jpg 300w, https:\/\/route.ckersten.de\/wp-content\/uploads\/2020\/06\/Degraa-Ba\u0308renhof-2-768x500.jpg 768w, https:\/\/route.ckersten.de\/wp-content\/uploads\/2020\/06\/Degraa-Ba\u0308renhof-2-1536x1000.jpg 1536w, https:\/\/route.ckersten.de\/wp-content\/uploads\/2020\/06\/Degraa-Ba\u0308renhof-2-2048x1334.jpg 2048w\" sizes=\"(max-width: 1024px) 100vw, 1024px\" \/><\/figure>\n\n\n\n<h2>Brauerei und Brennerei Josef Degraa<\/h2>\n\n\n\n<p>An der Ecke Templergraben \/ K\u00f6nigstra\u00dfe k\u00fcndet ein \u00e4lteres Backsteingeb\u00e4ude mit dahinterliegenden weiteren Bauk\u00f6rpern von Aachen ruhmreicher Braugeschichte. Im 19. Jahrhundert entstanden auch in Aachen eine Vielzahl an Brauereien und Branntwein-Brennereien, um den Durst der B\u00fcrger zu stillen. An dieser Stelle ist bereits ab 1850 eine Brauerei mit angeschlossener Brennerei nachweisbar, doch wurde dieser Brauereistandort vor allem durch die Brauerei (und Brennerei) \u201eJos. Degraa\u201c bekannt, die hier ab 1888 vor allem oberg\u00e4riges Lagerbier herstellte, das in ganz Aachen bekannt war und sich vor allem auch unter Studenten gro\u00dfer Beliebtheit erfreut. Unvergessen ist der alte Werbespruch \u201eOpa wurde 100j\u00e4hrig \u2013 stets trank er Degraa oberg\u00e4rig\u201c. Persifliert wurde dieser Spruch im Aachener Volksmund durch den Zusatz \u201eOma wurde 110 \u2013 hatte Degraa nie gesehn`\u201c. Selbst der Werbespruch \u201eOecher drenkt oecher Bier\u201c verhinderte nicht die 1989 erfolgte \u00dcbernahme der Brauerei durch die K\u00f6lner Dombrauerei, die aus rein marktpolitischen Gr\u00fcnden erfolgte und die Einstellung des Braubetriebes nach sich zog.<\/p>\n\n\n\n<div class=\"is-layout-flex wp-block-buttons\">\n<div class=\"wp-block-button\"><a class=\"wp-block-button__link\" href=\"https:\/\/route.ckersten.de\/index.php\/route-1-station-1\/\">Vorherige Station<\/a><\/div>\n\n\n\n<div class=\"wp-block-button\"><a class=\"wp-block-button__link\" href=\"https:\/\/route.ckersten.de\/index.php\/route-1-station-3\/\">N\u00e4chste Station<\/a><\/div>\n\n\n\n<div class=\"wp-block-button\"><a class=\"wp-block-button__link has-background\" href=\"https:\/\/route.ckersten.de\/index.php\/route-1\/\" style=\"background-color:#ff2326\">Route verlassen<\/a><\/div>\n<\/div>\n\n\n\n<figure class=\"wp-block-image size-large\"><img decoding=\"async\" loading=\"lazy\" width=\"572\" height=\"798\" src=\"https:\/\/route.ckersten.de\/wp-content\/uploads\/2020\/06\/Route1.2.jpg\" alt=\"\" class=\"wp-image-62\" srcset=\"https:\/\/route.ckersten.de\/wp-content\/uploads\/2020\/06\/Route1.2.jpg 572w, https:\/\/route.ckersten.de\/wp-content\/uploads\/2020\/06\/Route1.2-215x300.jpg 215w\" sizes=\"(max-width: 572px) 100vw, 572px\" \/><\/figure>\n","protected":false},"excerpt":{"rendered":"<p>Brauerei und Brennerei Josef Degraa An der Ecke Templergraben \/ K\u00f6nigstra\u00dfe k\u00fcndet ein \u00e4lteres Backsteingeb\u00e4ude mit dahinterliegenden weiteren Bauk\u00f6rpern von Aachen ruhmreicher Braugeschichte. Im 19. Jahrhundert entstanden auch in Aachen eine Vielzahl an Brauereien und Branntwein-Brennereien, um den Durst der B\u00fcrger zu stillen. An dieser Stelle ist bereits ab 1850<a class=\"moretag\" href=\"https:\/\/route.ckersten.de\/index.php\/route-1\/route-1-station-2\/\"> Weiterlesen<\/a><\/p>\n","protected":false},"author":1,"featured_media":14,"parent":19,"menu_order":0,"comment_status":"closed","ping_status":"closed","template":"","meta":[],"_links":{"self":[{"href":"https:\/\/route.ckersten.de\/index.php\/wp-json\/wp\/v2\/pages\/34"}],"collection":[{"href":"https:\/\/route.ckersten.de\/index.php\/wp-json\/wp\/v2\/pages"}],"about":[{"href":"https:\/\/route.ckersten.de\/index.php\/wp-json\/wp\/v2\/types\/page"}],"author":[{"embeddable":true,"href":"https:\/\/route.ckersten.de\/index.php\/wp-json\/wp\/v2\/users\/1"}],"replies":[{"embeddable":true,"href":"https:\/\/route.ckersten.de\/index.php\/wp-json\/wp\/v2\/comments?post=34"}],"version-history":[{"count":8,"href":"https:\/\/route.ckersten.de\/index.php\/wp-json\/wp\/v2\/pages\/34\/revisions"}],"predecessor-version":[{"id":305,"href":"https:\/\/route.ckersten.de\/index.php\/wp-json\/wp\/v2\/pages\/34\/revisions\/305"}],"up":[{"embeddable":true,"href":"https:\/\/route.ckersten.de\/index.php\/wp-json\/wp\/v2\/pages\/19"}],"wp:featuredmedia":[{"embeddable":true,"href":"https:\/\/route.ckersten.de\/index.php\/wp-json\/wp\/v2\/media\/14"}],"wp:attachment":[{"href":"https:\/\/route.ckersten.de\/index.php\/wp-json\/wp\/v2\/media?parent=34"}],"curies":[{"name":"wp","href":"https:\/\/api.w.org\/{rel}","templated":true}]}}