{"id":51,"date":"2020-06-15T19:50:58","date_gmt":"2020-06-15T19:50:58","guid":{"rendered":"https:\/\/route.ckersten.de\/?page_id=51"},"modified":"2020-07-01T18:06:37","modified_gmt":"2020-07-01T18:06:37","slug":"route-1-station-4","status":"publish","type":"page","link":"https:\/\/route.ckersten.de\/index.php\/route-1\/route-1-station-4\/","title":{"rendered":"Route 1 &#8211; Station 4"},"content":{"rendered":"\n<figure class=\"wp-block-image size-large\"><img decoding=\"async\" loading=\"lazy\" width=\"1024\" height=\"683\" src=\"https:\/\/route.ckersten.de\/wp-content\/uploads\/2020\/06\/Bild-19-1024x683.jpg\" alt=\"\" class=\"wp-image-54\" srcset=\"https:\/\/route.ckersten.de\/wp-content\/uploads\/2020\/06\/Bild-19-1024x683.jpg 1024w, https:\/\/route.ckersten.de\/wp-content\/uploads\/2020\/06\/Bild-19-300x200.jpg 300w, https:\/\/route.ckersten.de\/wp-content\/uploads\/2020\/06\/Bild-19-768x512.jpg 768w, https:\/\/route.ckersten.de\/wp-content\/uploads\/2020\/06\/Bild-19-1536x1024.jpg 1536w, https:\/\/route.ckersten.de\/wp-content\/uploads\/2020\/06\/Bild-19-2048x1365.jpg 2048w, https:\/\/route.ckersten.de\/wp-content\/uploads\/2020\/06\/Bild-19-360x240.jpg 360w\" sizes=\"(max-width: 1024px) 100vw, 1024px\" \/><\/figure>\n\n\n\n<figure class=\"wp-block-image size-large\"><img decoding=\"async\" loading=\"lazy\" width=\"789\" height=\"1024\" src=\"https:\/\/route.ckersten.de\/wp-content\/uploads\/2020\/07\/Lochner-Fabrik-789x1024.jpg\" alt=\"\" class=\"wp-image-379\" srcset=\"https:\/\/route.ckersten.de\/wp-content\/uploads\/2020\/07\/Lochner-Fabrik-789x1024.jpg 789w, https:\/\/route.ckersten.de\/wp-content\/uploads\/2020\/07\/Lochner-Fabrik-231x300.jpg 231w, https:\/\/route.ckersten.de\/wp-content\/uploads\/2020\/07\/Lochner-Fabrik-768x997.jpg 768w, https:\/\/route.ckersten.de\/wp-content\/uploads\/2020\/07\/Lochner-Fabrik-1183x1536.jpg 1183w, https:\/\/route.ckersten.de\/wp-content\/uploads\/2020\/07\/Lochner-Fabrik-1578x2048.jpg 1578w, https:\/\/route.ckersten.de\/wp-content\/uploads\/2020\/07\/Lochner-Fabrik.jpg 1587w\" sizes=\"(max-width: 789px) 100vw, 789px\" \/><\/figure>\n\n\n\n<h2>Tuchfabrik Lochner \/ Nadelfabrik Heusch<\/h2>\n\n\n\n<p>Nicht nur der Name der heutigen Lochnerstra\u00dfe verweist auf ein bedeutendes Unternehmen, das sich auf einem Areal jeneseits der Barbarossamauer befand. Bereits 1773 begann die fr\u00fchindustrielle Nutzung dieses Gel\u00e4ndes, als der Tuchindustrielle Heinrich van Houtem ein 2300 Quadratmeter gro\u00dfes Gartengel\u00e4nde erwarb, auf dem er eine Fabrik errichtete. Die nicht bebauten Fl\u00e4chen wurden zur Trocknung der Tuchbahnen genutzt. Unter Ignatz van Houtem wuchs das Unternehmen mit seinen 292 Mitarbeitern zu einem der damals gr\u00f6\u00dften Betriebe Aachens heran. Als Gr\u00fcnde hierf\u00fcr lassen sich die Gewerbefreiheit und die allgemeinen Beg\u00fcnstigungen Napoleons gegen\u00fcber den Tuchfabriken anf\u00fchren, die so weit reichte, dass er 1804 pers\u00f6nlich den Betrieb van Houtem besichtigte.<\/p>\n\n\n\n<p>1857 erwarb der Tuchfabrikant Johann Friedrich Lochner das Gel\u00e4nde und legte zwei Stra\u00dfen an, die heute als Mauer- und Lochnerstra\u00dfe bekannt sind. Nach Erweiterungsma\u00dfnahmen im Jahre 1874 erhielt das zur Lochnerstra\u00dfe hin gelegene Geb\u00e4ude das Aussehen einer Burg. Auf dem Dach konnte eine solch gro\u00dfe Menge an Wasser gespeichert werden, dass man dort mit einem Ruderboot fahren konnte. Die Tuchfabrik arbeitete noch 40 Jahre, bis sie schlie\u00dflich kur vor dem 1. Weltkrieg stillgelegt wurde.<\/p>\n\n\n\n<p>Die Fabrikgeb\u00e4ude \u00fcbernahm die Nadelfabrik \u201eHugo Heusch &amp; Cie. G.m.b.H.\u201c. Die Geschichte der Firma Heusch l\u00e4sst sich bis ins Jahr 1803 zur\u00fcckverfolgen. Damals gr\u00fcndete Laurent Jecker eine Nadelfabrik, die Hugo Heusch und Heinrich Butenberg 60 Jahre sp\u00e4ter \u00fcbernahmen. Nach Gutenbergs R\u00fcckzug 1891 ging der Betrieb in Heuschs alleinigen Besitz \u00fcber. Zu dieser Zeit hatte das Unternehmen mit einer j\u00e4hrlichen Produktion von 100 Millionen Nadeln bereits Weltbedeutung. Der im Ausland aufkommende Konkurrenzdruck und die Inflation bereiten der Nadelfabrik gro\u00dfe Schwierigkeiten, hinzu kam au\u00dferdem der Siegeszug der Maschinennadel. Um diesen Problemen entgegenzutreten, \u00fcbernahm die Firma 1931 die \u201eCarl Huhn &amp; Cie KG\u201c, deren Fabrikationsprogramm die Fertigung hochwertiger Industrienadeln umfasste.<\/p>\n\n\n\n<p>Die Firma befand sich noch bis in die 60er-Jahre in den alten Fabrikgeb\u00e4uden &#8211; die Geb\u00e4ude waren im Krieg kaum besch\u00e4digt worden. Anschlie\u00dfend zogen TH-Institute in die Geb\u00e4ude ein. Die Fabrikgeb\u00e4ude sind weitgehend erhalten geblieben. Der ca. 130 Jahre alte viereckige Schornstein &#8211; einer der wenigen, die aus der fr\u00fchen Zeit erhalten geblieben sind &#8211; wird heute noch benutzt. Leider wurde das fr\u00fcher wie eine Festung wirkende Geb\u00e4ude an der Lochnerstra\u00dfe durch eine moderne Verkleidung entstellt &#8211; ein unsensibler und t\u00f6richter Eingriff in die erhaltene Bausubstanz. Aus der Zeit van Houtems stammt das Barockportal am Karlsgraben, das vor einigen Jahren saniert wurde.<\/p>\n\n\n\n<div class=\"is-layout-flex wp-block-buttons\">\n<div class=\"wp-block-button\"><a class=\"wp-block-button__link\" href=\"https:\/\/route.ckersten.de\/index.php\/route-1\/route-1-station-3\/\">Vorherige Station<\/a><\/div>\n\n\n\n<div class=\"wp-block-button\"><a class=\"wp-block-button__link\" href=\"https:\/\/route.ckersten.de\/index.php\/route-1\/route-1-station-5\/\">N\u00e4chste Station<\/a><\/div>\n\n\n\n<div class=\"wp-block-button\"><a class=\"wp-block-button__link has-background\" href=\"https:\/\/route.ckersten.de\/index.php\/route-1\/\" style=\"background-color:#ff0509\">Route Verlassen<\/a><\/div>\n<\/div>\n\n\n\n<figure class=\"wp-block-image size-large\"><img decoding=\"async\" loading=\"lazy\" width=\"572\" height=\"798\" src=\"https:\/\/route.ckersten.de\/wp-content\/uploads\/2020\/06\/Route1.4.jpg\" alt=\"\" class=\"wp-image-64\" srcset=\"https:\/\/route.ckersten.de\/wp-content\/uploads\/2020\/06\/Route1.4.jpg 572w, https:\/\/route.ckersten.de\/wp-content\/uploads\/2020\/06\/Route1.4-215x300.jpg 215w\" sizes=\"(max-width: 572px) 100vw, 572px\" \/><\/figure>\n\n\n\n<p><\/p>\n","protected":false},"excerpt":{"rendered":"<p>Tuchfabrik Lochner \/ Nadelfabrik Heusch Nicht nur der Name der heutigen Lochnerstra\u00dfe verweist auf ein bedeutendes Unternehmen, das sich auf einem Areal jeneseits der Barbarossamauer befand. Bereits 1773 begann die fr\u00fchindustrielle Nutzung dieses Gel\u00e4ndes, als der Tuchindustrielle Heinrich van Houtem ein 2300 Quadratmeter gro\u00dfes Gartengel\u00e4nde erwarb, auf dem er eine<a class=\"moretag\" href=\"https:\/\/route.ckersten.de\/index.php\/route-1\/route-1-station-4\/\"> Weiterlesen<\/a><\/p>\n","protected":false},"author":1,"featured_media":14,"parent":19,"menu_order":0,"comment_status":"closed","ping_status":"closed","template":"","meta":[],"_links":{"self":[{"href":"https:\/\/route.ckersten.de\/index.php\/wp-json\/wp\/v2\/pages\/51"}],"collection":[{"href":"https:\/\/route.ckersten.de\/index.php\/wp-json\/wp\/v2\/pages"}],"about":[{"href":"https:\/\/route.ckersten.de\/index.php\/wp-json\/wp\/v2\/types\/page"}],"author":[{"embeddable":true,"href":"https:\/\/route.ckersten.de\/index.php\/wp-json\/wp\/v2\/users\/1"}],"replies":[{"embeddable":true,"href":"https:\/\/route.ckersten.de\/index.php\/wp-json\/wp\/v2\/comments?post=51"}],"version-history":[{"count":13,"href":"https:\/\/route.ckersten.de\/index.php\/wp-json\/wp\/v2\/pages\/51\/revisions"}],"predecessor-version":[{"id":380,"href":"https:\/\/route.ckersten.de\/index.php\/wp-json\/wp\/v2\/pages\/51\/revisions\/380"}],"up":[{"embeddable":true,"href":"https:\/\/route.ckersten.de\/index.php\/wp-json\/wp\/v2\/pages\/19"}],"wp:featuredmedia":[{"embeddable":true,"href":"https:\/\/route.ckersten.de\/index.php\/wp-json\/wp\/v2\/media\/14"}],"wp:attachment":[{"href":"https:\/\/route.ckersten.de\/index.php\/wp-json\/wp\/v2\/media?parent=51"}],"curies":[{"name":"wp","href":"https:\/\/api.w.org\/{rel}","templated":true}]}}