{"id":79,"date":"2020-06-15T20:21:10","date_gmt":"2020-06-15T20:21:10","guid":{"rendered":"https:\/\/route.ckersten.de\/?page_id=79"},"modified":"2020-06-30T09:24:57","modified_gmt":"2020-06-30T09:24:57","slug":"route-1-station-5","status":"publish","type":"page","link":"https:\/\/route.ckersten.de\/index.php\/route-1\/route-1-station-5\/","title":{"rendered":"Route 1 &#8211; Station 5"},"content":{"rendered":"\n<figure class=\"wp-block-image size-large\"><img decoding=\"async\" loading=\"lazy\" width=\"1024\" height=\"683\" src=\"https:\/\/route.ckersten.de\/wp-content\/uploads\/2020\/06\/Bild-23-1024x683.jpg\" alt=\"\" class=\"wp-image-82\" srcset=\"https:\/\/route.ckersten.de\/wp-content\/uploads\/2020\/06\/Bild-23-1024x683.jpg 1024w, https:\/\/route.ckersten.de\/wp-content\/uploads\/2020\/06\/Bild-23-300x200.jpg 300w, https:\/\/route.ckersten.de\/wp-content\/uploads\/2020\/06\/Bild-23-768x512.jpg 768w, https:\/\/route.ckersten.de\/wp-content\/uploads\/2020\/06\/Bild-23-1536x1024.jpg 1536w, https:\/\/route.ckersten.de\/wp-content\/uploads\/2020\/06\/Bild-23-2048x1365.jpg 2048w, https:\/\/route.ckersten.de\/wp-content\/uploads\/2020\/06\/Bild-23-360x240.jpg 360w\" sizes=\"(max-width: 1024px) 100vw, 1024px\" \/><\/figure>\n\n\n\n<figure class=\"wp-block-image size-large\"><img decoding=\"async\" loading=\"lazy\" width=\"1024\" height=\"535\" src=\"https:\/\/route.ckersten.de\/wp-content\/uploads\/2020\/06\/Tuchfabrik-Delius-1024x535.jpg\" alt=\"\" class=\"wp-image-274\" srcset=\"https:\/\/route.ckersten.de\/wp-content\/uploads\/2020\/06\/Tuchfabrik-Delius-1024x535.jpg 1024w, https:\/\/route.ckersten.de\/wp-content\/uploads\/2020\/06\/Tuchfabrik-Delius-300x157.jpg 300w, https:\/\/route.ckersten.de\/wp-content\/uploads\/2020\/06\/Tuchfabrik-Delius-768x401.jpg 768w, https:\/\/route.ckersten.de\/wp-content\/uploads\/2020\/06\/Tuchfabrik-Delius-1536x802.jpg 1536w, https:\/\/route.ckersten.de\/wp-content\/uploads\/2020\/06\/Tuchfabrik-Delius.jpg 1808w\" sizes=\"(max-width: 1024px) 100vw, 1024px\" \/><\/figure>\n\n\n\n<h2>Tuchfabrik Delius<\/h2>\n\n\n\n<p>1906 lie\u00df das 1851 in der Jakobstra\u00dfe gegr\u00fcndete Unternehmen Delius ein gro\u00dfes Fabrikgeb\u00e4ude im r\u00fcckw\u00e4rtigen Bereich der schon vorhandenen Anlage errichten, um auch die Produktion in der &#8220;Gebrannten M\u00fchle&#8221; an den Stammsitz zu verlegen. Das neue viergeschossige Hauptgeb\u00e4ude passt sich dem Verlauf der vorgelagerten Nebenstra\u00dfe &#8211; der heutigen Deliusstra\u00dfe &#8211; an. Die Fassaden des massig wirkenden Baus sind zu dieser Stra\u00dfe hin in 17, zur Mauerstra\u00dfe hin in drei Doppelachsen gegliedert, gotisierende Schmuckformen dominieren. Die Fenster sind in Paaren angeordnet und werden im dritten Stockwerk von stich-bogigen Wandfeldern umfasst. Das Attikageschoss wird, davon abweichend, mit dreifach gekuppelten Fenstern gegliedert. Auff\u00e4llig sind die abgeschr\u00e4gten Fensterb\u00e4nke, die in wei\u00dfer Farbe die Fassaden horizontal durchziehen. Dadurch wird das ohnehin schon wuchtig wirkende Geb\u00e4ude in seiner L\u00e4ngenausdehnung betont. An der Ecke zur Mauerstra\u00dfe ist der Bau turmartig mit Zinnen erh\u00f6ht und erinnert damit an die im fr\u00fchen Bergbau verwendete Bauform eines Malakowturms. <\/p>\n\n\n\n<p>Das Unternehmen Delius schloss sich 1928 nach wirtschaftlichen Schwierigkeiten mit acht weiteren Betrieben zur &#8220;TOGA&#8221; zusammen, wurde aber dennoch bereits 1932 stillgelegt.<\/p>\n\n\n\n<p>Aufgrund einer Unterschutzstellung blieb die Fabrikfassade in der Deliusstra\u00dfe vollst\u00e4ndig erhalten.<\/p>\n\n\n\n<div class=\"is-layout-flex wp-block-buttons\">\n<div class=\"wp-block-button\"><a class=\"wp-block-button__link\" href=\"https:\/\/route.ckersten.de\/index.php\/route-1\/route-1-station-4\/\">Vorherige Station<\/a><\/div>\n\n\n\n<div class=\"wp-block-button\"><a class=\"wp-block-button__link\" href=\"https:\/\/route.ckersten.de\/index.php\/route-1\/route-1-station-6\/\">N\u00e4chste Station<\/a><\/div>\n\n\n\n<div class=\"wp-block-button\"><a class=\"wp-block-button__link has-background\" href=\"https:\/\/route.ckersten.de\/index.php\/route-1\/\" style=\"background-color:#fe0105\">Route Verlassen<\/a><\/div>\n<\/div>\n\n\n\n<figure class=\"wp-block-image size-large\"><img decoding=\"async\" loading=\"lazy\" width=\"572\" height=\"798\" src=\"https:\/\/route.ckersten.de\/wp-content\/uploads\/2020\/06\/Route1.5.jpg\" alt=\"\" class=\"wp-image-65\" srcset=\"https:\/\/route.ckersten.de\/wp-content\/uploads\/2020\/06\/Route1.5.jpg 572w, https:\/\/route.ckersten.de\/wp-content\/uploads\/2020\/06\/Route1.5-215x300.jpg 215w\" sizes=\"(max-width: 572px) 100vw, 572px\" \/><\/figure>\n","protected":false},"excerpt":{"rendered":"<p>Tuchfabrik Delius 1906 lie\u00df das 1851 in der Jakobstra\u00dfe gegr\u00fcndete Unternehmen Delius ein gro\u00dfes Fabrikgeb\u00e4ude im r\u00fcckw\u00e4rtigen Bereich der schon vorhandenen Anlage errichten, um auch die Produktion in der &#8220;Gebrannten M\u00fchle&#8221; an den Stammsitz zu verlegen. Das neue viergeschossige Hauptgeb\u00e4ude passt sich dem Verlauf der vorgelagerten Nebenstra\u00dfe &#8211; der heutigen<a class=\"moretag\" href=\"https:\/\/route.ckersten.de\/index.php\/route-1\/route-1-station-5\/\"> Weiterlesen<\/a><\/p>\n","protected":false},"author":1,"featured_media":14,"parent":19,"menu_order":0,"comment_status":"closed","ping_status":"closed","template":"","meta":[],"_links":{"self":[{"href":"https:\/\/route.ckersten.de\/index.php\/wp-json\/wp\/v2\/pages\/79"}],"collection":[{"href":"https:\/\/route.ckersten.de\/index.php\/wp-json\/wp\/v2\/pages"}],"about":[{"href":"https:\/\/route.ckersten.de\/index.php\/wp-json\/wp\/v2\/types\/page"}],"author":[{"embeddable":true,"href":"https:\/\/route.ckersten.de\/index.php\/wp-json\/wp\/v2\/users\/1"}],"replies":[{"embeddable":true,"href":"https:\/\/route.ckersten.de\/index.php\/wp-json\/wp\/v2\/comments?post=79"}],"version-history":[{"count":8,"href":"https:\/\/route.ckersten.de\/index.php\/wp-json\/wp\/v2\/pages\/79\/revisions"}],"predecessor-version":[{"id":337,"href":"https:\/\/route.ckersten.de\/index.php\/wp-json\/wp\/v2\/pages\/79\/revisions\/337"}],"up":[{"embeddable":true,"href":"https:\/\/route.ckersten.de\/index.php\/wp-json\/wp\/v2\/pages\/19"}],"wp:featuredmedia":[{"embeddable":true,"href":"https:\/\/route.ckersten.de\/index.php\/wp-json\/wp\/v2\/media\/14"}],"wp:attachment":[{"href":"https:\/\/route.ckersten.de\/index.php\/wp-json\/wp\/v2\/media?parent=79"}],"curies":[{"name":"wp","href":"https:\/\/api.w.org\/{rel}","templated":true}]}}