{"id":85,"date":"2020-06-15T20:51:02","date_gmt":"2020-06-15T20:51:02","guid":{"rendered":"https:\/\/route.ckersten.de\/?page_id=85"},"modified":"2020-06-30T09:26:27","modified_gmt":"2020-06-30T09:26:27","slug":"route-1-station-6","status":"publish","type":"page","link":"https:\/\/route.ckersten.de\/index.php\/route-1\/route-1-station-6\/","title":{"rendered":"Route 1 &#8211; Station 6"},"content":{"rendered":"\n<figure class=\"wp-block-image size-large\"><img decoding=\"async\" loading=\"lazy\" width=\"683\" height=\"1024\" src=\"https:\/\/route.ckersten.de\/wp-content\/uploads\/2020\/06\/Bild-40-683x1024.jpg\" alt=\"\" class=\"wp-image-86\" srcset=\"https:\/\/route.ckersten.de\/wp-content\/uploads\/2020\/06\/Bild-40-683x1024.jpg 683w, https:\/\/route.ckersten.de\/wp-content\/uploads\/2020\/06\/Bild-40-200x300.jpg 200w, https:\/\/route.ckersten.de\/wp-content\/uploads\/2020\/06\/Bild-40-768x1152.jpg 768w, https:\/\/route.ckersten.de\/wp-content\/uploads\/2020\/06\/Bild-40-1024x1536.jpg 1024w, https:\/\/route.ckersten.de\/wp-content\/uploads\/2020\/06\/Bild-40-1365x2048.jpg 1365w, https:\/\/route.ckersten.de\/wp-content\/uploads\/2020\/06\/Bild-40-scaled.jpg 1707w\" sizes=\"(max-width: 683px) 100vw, 683px\" \/><\/figure>\n\n\n\n<figure class=\"wp-block-image size-large\"><img decoding=\"async\" loading=\"lazy\" width=\"1024\" height=\"683\" src=\"https:\/\/route.ckersten.de\/wp-content\/uploads\/2020\/06\/Bild-36-1024x683.jpg\" alt=\"\" class=\"wp-image-94\" srcset=\"https:\/\/route.ckersten.de\/wp-content\/uploads\/2020\/06\/Bild-36-1024x683.jpg 1024w, https:\/\/route.ckersten.de\/wp-content\/uploads\/2020\/06\/Bild-36-300x200.jpg 300w, https:\/\/route.ckersten.de\/wp-content\/uploads\/2020\/06\/Bild-36-768x512.jpg 768w, https:\/\/route.ckersten.de\/wp-content\/uploads\/2020\/06\/Bild-36-1536x1024.jpg 1536w, https:\/\/route.ckersten.de\/wp-content\/uploads\/2020\/06\/Bild-36-2048x1365.jpg 2048w, https:\/\/route.ckersten.de\/wp-content\/uploads\/2020\/06\/Bild-36-360x240.jpg 360w\" sizes=\"(max-width: 1024px) 100vw, 1024px\" \/><\/figure>\n\n\n\n<figure class=\"wp-block-image size-large\"><img decoding=\"async\" loading=\"lazy\" width=\"893\" height=\"1024\" src=\"https:\/\/route.ckersten.de\/wp-content\/uploads\/2020\/06\/Tuchfabrik-Nellessen-893x1024.jpg\" alt=\"\" class=\"wp-image-276\" srcset=\"https:\/\/route.ckersten.de\/wp-content\/uploads\/2020\/06\/Tuchfabrik-Nellessen-893x1024.jpg 893w, https:\/\/route.ckersten.de\/wp-content\/uploads\/2020\/06\/Tuchfabrik-Nellessen-262x300.jpg 262w, https:\/\/route.ckersten.de\/wp-content\/uploads\/2020\/06\/Tuchfabrik-Nellessen-768x881.jpg 768w, https:\/\/route.ckersten.de\/wp-content\/uploads\/2020\/06\/Tuchfabrik-Nellessen-1340x1536.jpg 1340w, https:\/\/route.ckersten.de\/wp-content\/uploads\/2020\/06\/Tuchfabrik-Nellessen-1786x2048.jpg 1786w\" sizes=\"(max-width: 893px) 100vw, 893px\" \/><\/figure>\n\n\n\n<h2>Tuchfabrik Nellessen<\/h2>\n\n\n\n<p>Die Geb\u00e4ude der Tuchfabrik Nellessen wurden zuletzt von der Tuchfabrik Dechamps &amp; Merzenich als Tuchfabrik genutzt. Heute werden sie vom Stadttheater f\u00fcr Proben und als Werkst\u00e4tten genutzt. 1825 bis 1830 entstand entlang der leicht gekr\u00fcmmten Moergenstra\u00dfe ein lang gestreckter Baukomplex, dessen \u00e4lterer, viergeschossiger Teil sp\u00e4ter als &#8220;Alter Bau&#8221; bezeichnet wurde und bereits vor dem Krieg Wohnh\u00e4usern weichen musste. \u00dcbrig blieb der viereckige Schornstein, einer von insgesamt nur zwei Exemplaren innerhalb des \u00e4u\u00dferen Mauerrings. Leider musste er 2002 w\u00e4hrend einer Sanierung um rund 7 Meter gek\u00fcrzt werden. Auch sei erw\u00e4hnt, dass der gro\u00dfe viergeschossige Bau an der Ecke zur Hubertusstra\u00dfe nach Kriegssch\u00e4den 1952 nach Pl\u00e4nen von Professor Sch\u00f6fer unter Einbeziehung des erhaltenen Erdgeschosses errichtet wurde. Auf der anderen Stra\u00dfenseite, an der Einfahrt zum Alexianerkrankenhaus, steht ein stark restaurierter Bau der fr\u00fcheren Spinnerei Nellessens. <\/p>\n\n\n\n<div class=\"is-layout-flex wp-block-buttons\">\n<div class=\"wp-block-button\"><a class=\"wp-block-button__link\" href=\"https:\/\/route.ckersten.de\/index.php\/route-1\/route-1-station-5\/\">Vorherige Station<\/a><\/div>\n\n\n\n<div class=\"wp-block-button\"><a class=\"wp-block-button__link\" href=\"https:\/\/route.ckersten.de\/index.php\/route-1\/route-1-station-7\/\">N\u00e4chste Station<\/a><\/div>\n\n\n\n<div class=\"wp-block-button\"><a class=\"wp-block-button__link has-background\" href=\"https:\/\/route.ckersten.de\/index.php\/route-1\/\" style=\"background-color:#ff0a0e\">Route Verlassen<\/a><\/div>\n<\/div>\n\n\n\n<figure class=\"wp-block-image size-large\"><img decoding=\"async\" loading=\"lazy\" width=\"572\" height=\"798\" src=\"https:\/\/route.ckersten.de\/wp-content\/uploads\/2020\/06\/Route1.6.jpg\" alt=\"\" class=\"wp-image-66\" srcset=\"https:\/\/route.ckersten.de\/wp-content\/uploads\/2020\/06\/Route1.6.jpg 572w, https:\/\/route.ckersten.de\/wp-content\/uploads\/2020\/06\/Route1.6-215x300.jpg 215w\" sizes=\"(max-width: 572px) 100vw, 572px\" \/><\/figure>\n","protected":false},"excerpt":{"rendered":"<p>Tuchfabrik Nellessen Die Geb\u00e4ude der Tuchfabrik Nellessen wurden zuletzt von der Tuchfabrik Dechamps &amp; Merzenich als Tuchfabrik genutzt. Heute werden sie vom Stadttheater f\u00fcr Proben und als Werkst\u00e4tten genutzt. 1825 bis 1830 entstand entlang der leicht gekr\u00fcmmten Moergenstra\u00dfe ein lang gestreckter Baukomplex, dessen \u00e4lterer, viergeschossiger Teil sp\u00e4ter als &#8220;Alter Bau&#8221;<a class=\"moretag\" href=\"https:\/\/route.ckersten.de\/index.php\/route-1\/route-1-station-6\/\"> Weiterlesen<\/a><\/p>\n","protected":false},"author":1,"featured_media":14,"parent":19,"menu_order":0,"comment_status":"closed","ping_status":"closed","template":"","meta":[],"_links":{"self":[{"href":"https:\/\/route.ckersten.de\/index.php\/wp-json\/wp\/v2\/pages\/85"}],"collection":[{"href":"https:\/\/route.ckersten.de\/index.php\/wp-json\/wp\/v2\/pages"}],"about":[{"href":"https:\/\/route.ckersten.de\/index.php\/wp-json\/wp\/v2\/types\/page"}],"author":[{"embeddable":true,"href":"https:\/\/route.ckersten.de\/index.php\/wp-json\/wp\/v2\/users\/1"}],"replies":[{"embeddable":true,"href":"https:\/\/route.ckersten.de\/index.php\/wp-json\/wp\/v2\/comments?post=85"}],"version-history":[{"count":8,"href":"https:\/\/route.ckersten.de\/index.php\/wp-json\/wp\/v2\/pages\/85\/revisions"}],"predecessor-version":[{"id":341,"href":"https:\/\/route.ckersten.de\/index.php\/wp-json\/wp\/v2\/pages\/85\/revisions\/341"}],"up":[{"embeddable":true,"href":"https:\/\/route.ckersten.de\/index.php\/wp-json\/wp\/v2\/pages\/19"}],"wp:featuredmedia":[{"embeddable":true,"href":"https:\/\/route.ckersten.de\/index.php\/wp-json\/wp\/v2\/media\/14"}],"wp:attachment":[{"href":"https:\/\/route.ckersten.de\/index.php\/wp-json\/wp\/v2\/media?parent=85"}],"curies":[{"name":"wp","href":"https:\/\/api.w.org\/{rel}","templated":true}]}}