{"id":91,"date":"2020-06-15T20:54:12","date_gmt":"2020-06-15T20:54:12","guid":{"rendered":"https:\/\/route.ckersten.de\/?page_id=91"},"modified":"2020-06-30T09:28:13","modified_gmt":"2020-06-30T09:28:13","slug":"route-1-station-7","status":"publish","type":"page","link":"https:\/\/route.ckersten.de\/index.php\/route-1\/route-1-station-7\/","title":{"rendered":"Route 1 &#8211; Station 7"},"content":{"rendered":"\n<figure class=\"wp-block-image size-large\"><img decoding=\"async\" loading=\"lazy\" width=\"683\" height=\"1024\" src=\"https:\/\/route.ckersten.de\/wp-content\/uploads\/2020\/06\/Bild-34-683x1024.jpg\" alt=\"\" class=\"wp-image-97\" srcset=\"https:\/\/route.ckersten.de\/wp-content\/uploads\/2020\/06\/Bild-34-683x1024.jpg 683w, https:\/\/route.ckersten.de\/wp-content\/uploads\/2020\/06\/Bild-34-200x300.jpg 200w, https:\/\/route.ckersten.de\/wp-content\/uploads\/2020\/06\/Bild-34-768x1152.jpg 768w, https:\/\/route.ckersten.de\/wp-content\/uploads\/2020\/06\/Bild-34-1024x1536.jpg 1024w, https:\/\/route.ckersten.de\/wp-content\/uploads\/2020\/06\/Bild-34-1365x2048.jpg 1365w, https:\/\/route.ckersten.de\/wp-content\/uploads\/2020\/06\/Bild-34-scaled.jpg 1707w\" sizes=\"(max-width: 683px) 100vw, 683px\" \/><\/figure>\n\n\n\n<figure class=\"wp-block-image size-large\"><img decoding=\"async\" loading=\"lazy\" width=\"1024\" height=\"683\" src=\"https:\/\/route.ckersten.de\/wp-content\/uploads\/2020\/06\/Bild-33-1024x683.jpg\" alt=\"\" class=\"wp-image-230\" srcset=\"https:\/\/route.ckersten.de\/wp-content\/uploads\/2020\/06\/Bild-33-1024x683.jpg 1024w, https:\/\/route.ckersten.de\/wp-content\/uploads\/2020\/06\/Bild-33-300x200.jpg 300w, https:\/\/route.ckersten.de\/wp-content\/uploads\/2020\/06\/Bild-33-768x512.jpg 768w, https:\/\/route.ckersten.de\/wp-content\/uploads\/2020\/06\/Bild-33-1536x1024.jpg 1536w, https:\/\/route.ckersten.de\/wp-content\/uploads\/2020\/06\/Bild-33-2048x1365.jpg 2048w, https:\/\/route.ckersten.de\/wp-content\/uploads\/2020\/06\/Bild-33-360x240.jpg 360w\" sizes=\"(max-width: 1024px) 100vw, 1024px\" \/><\/figure>\n\n\n\n<figure class=\"wp-block-image size-large\"><img decoding=\"async\" loading=\"lazy\" width=\"1024\" height=\"643\" src=\"https:\/\/route.ckersten.de\/wp-content\/uploads\/2020\/06\/Nadelfabrik-Zimmermann-1024x643.jpg\" alt=\"\" class=\"wp-image-278\" srcset=\"https:\/\/route.ckersten.de\/wp-content\/uploads\/2020\/06\/Nadelfabrik-Zimmermann-1024x643.jpg 1024w, https:\/\/route.ckersten.de\/wp-content\/uploads\/2020\/06\/Nadelfabrik-Zimmermann-300x188.jpg 300w, https:\/\/route.ckersten.de\/wp-content\/uploads\/2020\/06\/Nadelfabrik-Zimmermann-768x482.jpg 768w, https:\/\/route.ckersten.de\/wp-content\/uploads\/2020\/06\/Nadelfabrik-Zimmermann.jpg 1534w\" sizes=\"(max-width: 1024px) 100vw, 1024px\" \/><\/figure>\n\n\n\n<h2>Nadelfabrik Zimmermann<\/h2>\n\n\n\n<p>\u201eDer Eisb\u00e4r verl\u00e4\u00dft Aachen\u201c, so titulierten die Aachener Nachrichten am 10.3.1998 einen Bericht \u00fcber das Ende der alteingesessenen Aachener Nadelfabrik \u2018Jos. Zimmermann GmbH&amp; Co.KG\u2019, deren Produktzeichen als wei\u00dfer Eisb\u00e4r auf blauem Grund unverkennbar war. Der schw\u00e4bische Konzern Groz-Beckert, ein f\u00fchrender Hersteller von Industrienadeln und Pr\u00e4zisionsteilen, hatte die Nadelfabrik Zimmermann 1997 \u00fcbernommen und nur wenige Monate sp\u00e4ter die Produktion nach Portugal verlegt. Damit schloss die letzte Aachener Nadelfabrik innerhalb des alten Stadtkerns ihre Tore.<\/p>\n\n\n\n<p>Zun\u00e4chst aber zu den Anf\u00e4ngen. 1820 etablierte Ludwig Zimmermann (22.11.1781 &#8211; 5.9.1854) einen handwerklichen Nadelbetrieb in der Rosstra\u00dfe in Aachen. Sein Sohn vergr\u00f6\u00dferte den kleinen Betrieb und firmierte 1838 unter dem Namen \u2018Josef Zimmermann\u2019. Angesichts der wachsenden Bedeutung der N\u00e4hmaschinen erfolgte um 1865 die Aufnahme der Herstellung von N\u00e4hmaschinennadeln. Um 1900 reagierte man \u00e4u\u00dferst schnell auf die Nachfrage nach Grammophonnadeln und begann nach kurzer Zeit mit deren Produktion. Diese Nadeln wurden weltweit vertrieben, wobei Vertr\u00e4ge mit namhaften Grammophonfirmen eine gro\u00dfe Rolle spielten. Mit dem Ende des 19. Jahrhunderts wurde auch mit der Produktion von Glaskopf-Stecknadeln und anderen Spezialnadeln begonnen. 1953 fing man damit an, Verpackungen und Dosen aus Kunststoff sowie Markiernadeln und Ziern\u00e4gel mit \u2018Plastic-K\u00f6pfen\u2019 herzustellen. Bereits drei Jahre sp\u00e4ter wurden auch Kunststoff-H\u00fclsen f\u00fcr die Textilindustrie hergestellt. Aus der r\u00e4umlichen N\u00e4he zur Textilindustrie Aachens kam man auf die Idee, statt der zu dieser Zeit \u00fcblichen Papp- und Edelmetallh\u00fclsen Garntr\u00e4ger aus Kunststoff herzustellen. Eine f\u00fcr die Zukunft des Unternehmens besonders wichtige Entscheidung war die Fertigung und Weiterentwicklung der Tufting-Nadeln, die f\u00fcr die Herstellung von Teppichware verwendet werden. Dieses Produkt sollte schlie\u00dflich die Spezialit\u00e4t des Unternehmens werden \u2013 man hatte zuletzt einen Weltmarktanteil von rd. 60%. Da die Eigent\u00fcmerfamilie sich jedoch auf die inzwischen nach Alsdorf verlegte Kunststofffertigung konzentrierte, trennte man sich von der Nadelfabrik.<\/p>\n\n\n\n<div class=\"is-layout-flex wp-block-buttons\">\n<div class=\"wp-block-button\"><a class=\"wp-block-button__link\" href=\"https:\/\/route.ckersten.de\/index.php\/route-1\/route-1-station-6\/\">Vorherige Station<\/a><\/div>\n\n\n\n<div class=\"wp-block-button\"><a class=\"wp-block-button__link\" href=\"https:\/\/route.ckersten.de\/index.php\/route-1\/route-1-station-8\/\">N\u00e4chste Station<\/a><\/div>\n\n\n\n<div class=\"wp-block-button\"><a class=\"wp-block-button__link has-background\" href=\"https:\/\/route.ckersten.de\/index.php\/route-1\/\" style=\"background-color:#ff020a\">Route Verlassen<\/a><\/div>\n<\/div>\n\n\n\n<figure class=\"wp-block-image size-large\"><img decoding=\"async\" loading=\"lazy\" width=\"572\" height=\"798\" src=\"https:\/\/route.ckersten.de\/wp-content\/uploads\/2020\/06\/Route1.7.jpg\" alt=\"\" class=\"wp-image-67\" srcset=\"https:\/\/route.ckersten.de\/wp-content\/uploads\/2020\/06\/Route1.7.jpg 572w, https:\/\/route.ckersten.de\/wp-content\/uploads\/2020\/06\/Route1.7-215x300.jpg 215w\" sizes=\"(max-width: 572px) 100vw, 572px\" \/><\/figure>\n","protected":false},"excerpt":{"rendered":"<p>Nadelfabrik Zimmermann \u201eDer Eisb\u00e4r verl\u00e4\u00dft Aachen\u201c, so titulierten die Aachener Nachrichten am 10.3.1998 einen Bericht \u00fcber das Ende der alteingesessenen Aachener Nadelfabrik \u2018Jos. Zimmermann GmbH&amp; Co.KG\u2019, deren Produktzeichen als wei\u00dfer Eisb\u00e4r auf blauem Grund unverkennbar war. Der schw\u00e4bische Konzern Groz-Beckert, ein f\u00fchrender Hersteller von Industrienadeln und Pr\u00e4zisionsteilen, hatte die Nadelfabrik<a class=\"moretag\" href=\"https:\/\/route.ckersten.de\/index.php\/route-1\/route-1-station-7\/\"> Weiterlesen<\/a><\/p>\n","protected":false},"author":1,"featured_media":14,"parent":19,"menu_order":0,"comment_status":"closed","ping_status":"closed","template":"","meta":[],"_links":{"self":[{"href":"https:\/\/route.ckersten.de\/index.php\/wp-json\/wp\/v2\/pages\/91"}],"collection":[{"href":"https:\/\/route.ckersten.de\/index.php\/wp-json\/wp\/v2\/pages"}],"about":[{"href":"https:\/\/route.ckersten.de\/index.php\/wp-json\/wp\/v2\/types\/page"}],"author":[{"embeddable":true,"href":"https:\/\/route.ckersten.de\/index.php\/wp-json\/wp\/v2\/users\/1"}],"replies":[{"embeddable":true,"href":"https:\/\/route.ckersten.de\/index.php\/wp-json\/wp\/v2\/comments?post=91"}],"version-history":[{"count":9,"href":"https:\/\/route.ckersten.de\/index.php\/wp-json\/wp\/v2\/pages\/91\/revisions"}],"predecessor-version":[{"id":344,"href":"https:\/\/route.ckersten.de\/index.php\/wp-json\/wp\/v2\/pages\/91\/revisions\/344"}],"up":[{"embeddable":true,"href":"https:\/\/route.ckersten.de\/index.php\/wp-json\/wp\/v2\/pages\/19"}],"wp:featuredmedia":[{"embeddable":true,"href":"https:\/\/route.ckersten.de\/index.php\/wp-json\/wp\/v2\/media\/14"}],"wp:attachment":[{"href":"https:\/\/route.ckersten.de\/index.php\/wp-json\/wp\/v2\/media?parent=91"}],"curies":[{"name":"wp","href":"https:\/\/api.w.org\/{rel}","templated":true}]}}