{"id":96,"date":"2020-06-15T21:01:14","date_gmt":"2020-06-15T21:01:14","guid":{"rendered":"https:\/\/route.ckersten.de\/?page_id=96"},"modified":"2020-06-30T09:30:12","modified_gmt":"2020-06-30T09:30:12","slug":"route-1-station-8","status":"publish","type":"page","link":"https:\/\/route.ckersten.de\/index.php\/route-1\/route-1-station-8\/","title":{"rendered":"Route 1 &#8211; Station 8"},"content":{"rendered":"\n<figure class=\"wp-block-image size-large\"><img decoding=\"async\" loading=\"lazy\" width=\"1024\" height=\"683\" src=\"https:\/\/route.ckersten.de\/wp-content\/uploads\/2020\/06\/Bild-29-1024x683.jpg\" alt=\"\" class=\"wp-image-232\" srcset=\"https:\/\/route.ckersten.de\/wp-content\/uploads\/2020\/06\/Bild-29-1024x683.jpg 1024w, https:\/\/route.ckersten.de\/wp-content\/uploads\/2020\/06\/Bild-29-300x200.jpg 300w, https:\/\/route.ckersten.de\/wp-content\/uploads\/2020\/06\/Bild-29-768x512.jpg 768w, https:\/\/route.ckersten.de\/wp-content\/uploads\/2020\/06\/Bild-29-1536x1024.jpg 1536w, https:\/\/route.ckersten.de\/wp-content\/uploads\/2020\/06\/Bild-29-2048x1365.jpg 2048w, https:\/\/route.ckersten.de\/wp-content\/uploads\/2020\/06\/Bild-29-360x240.jpg 360w\" sizes=\"(max-width: 1024px) 100vw, 1024px\" \/><\/figure>\n\n\n\n<figure class=\"wp-block-image size-large\"><img decoding=\"async\" loading=\"lazy\" width=\"1024\" height=\"693\" src=\"https:\/\/route.ckersten.de\/wp-content\/uploads\/2020\/06\/F\u00e4rberei-Fellinger-1-1024x693.jpg\" alt=\"\" class=\"wp-image-280\" srcset=\"https:\/\/route.ckersten.de\/wp-content\/uploads\/2020\/06\/F\u00e4rberei-Fellinger-1-1024x693.jpg 1024w, https:\/\/route.ckersten.de\/wp-content\/uploads\/2020\/06\/F\u00e4rberei-Fellinger-1-300x203.jpg 300w, https:\/\/route.ckersten.de\/wp-content\/uploads\/2020\/06\/F\u00e4rberei-Fellinger-1-768x520.jpg 768w, https:\/\/route.ckersten.de\/wp-content\/uploads\/2020\/06\/F\u00e4rberei-Fellinger-1.jpg 1517w\" sizes=\"(max-width: 1024px) 100vw, 1024px\" \/><\/figure>\n\n\n\n<figure class=\"wp-block-image size-large\"><img decoding=\"async\" loading=\"lazy\" width=\"774\" height=\"1024\" src=\"https:\/\/route.ckersten.de\/wp-content\/uploads\/2020\/06\/F\u00e4rberei-Fellinger-2-774x1024.jpg\" alt=\"\" class=\"wp-image-281\" srcset=\"https:\/\/route.ckersten.de\/wp-content\/uploads\/2020\/06\/F\u00e4rberei-Fellinger-2-774x1024.jpg 774w, https:\/\/route.ckersten.de\/wp-content\/uploads\/2020\/06\/F\u00e4rberei-Fellinger-2-227x300.jpg 227w, https:\/\/route.ckersten.de\/wp-content\/uploads\/2020\/06\/F\u00e4rberei-Fellinger-2-768x1016.jpg 768w, https:\/\/route.ckersten.de\/wp-content\/uploads\/2020\/06\/F\u00e4rberei-Fellinger-2.jpg 981w\" sizes=\"(max-width: 774px) 100vw, 774px\" \/><\/figure>\n\n\n\n<h2>F\u00e4rberei Fellinger<\/h2>\n\n\n\n<p>Die Rosstra\u00dfe z\u00e4hlt zu den \u00e4ltesten F\u00e4rbereistandorten in Aachen, da hier urspr\u00fcnglich das Wasser des Paubachs entlang floss. F\u00e4rbereien waren f\u00fcr das Aachener Tuchgewerbe unerl\u00e4sslich, da erst das F\u00e4rben den Tuchen ihr attraktives Aussehen verleihet und diese T\u00e4tigkeit gro\u00dfes Fachwissen erfordert.<\/p>\n\n\n\n<p>Eine der am Paubach im 18. Jahrhundert ans\u00e4ssigen F\u00e4rbereien wurde am 15 Mai 1789 von Jacob Fellinger \u00fcbernommen. Die Familie Fellinger war bereits in der 2. H\u00e4lfte des 16. Jahrhunderts aus dem Limburgischen nach Aachen gekommen.<\/p>\n\n\n\n<p>Die F\u00e4rberei befand sich in Geb\u00e4uden hinter dem noch erhaltenen Wohnhaus der Familie Fellinger. Um 1800 geh\u00f6rten zum Inventar: zwei gro\u00dfe und ein kleiner Zinnkessel, zwei gro\u00dfe und ein kleiner Kupferkessel sowie vier Feuerst\u00e4tten. Die gro\u00dfen Kessel hatten einen Durchmesser von rd. drei Metern. Sp\u00e4ter wurden die Anlagen und Geb\u00e4ude schrittweise erweitert und modernisiert. Das Wasser wurde dann urspr\u00fcnglich zu zwei Stauweihern geleitet, die sich in einem der Familie geh\u00f6rigen gro\u00dfen Garten hinter dem Betrieb befanden. Die F\u00e4rberei \u00fcberstand alle konjunkturellen Schwankungen und Krisen, jedoch war man aufgrund eines veralteten Maschinenparks der Konkurrenz gr\u00f6\u00dferer F\u00e4rbereien in Aachen nicht gewachsen. 1957 \u00fcbernahm die Aachener F\u00e4rberei Rouette den Betrieb und lie\u00df am Standort Rosstra\u00dfe noch bis 1974 f\u00e4rben.<\/p>\n\n\n\n<p><\/p>\n\n\n\n<div class=\"is-layout-flex wp-block-buttons\">\n<div class=\"wp-block-button\"><a class=\"wp-block-button__link\" href=\"https:\/\/route.ckersten.de\/index.php\/route-1\/route-1-station-7\/\">Vorherige Station<\/a><\/div>\n\n\n\n<div class=\"wp-block-button\"><a class=\"wp-block-button__link\" href=\"https:\/\/route.ckersten.de\/index.php\/route-1\/route-1-station-9\/\">N\u00e4chste Station<\/a><\/div>\n\n\n\n<div class=\"wp-block-button\"><a class=\"wp-block-button__link has-background\" href=\"https:\/\/route.ckersten.de\/index.php\/route-1\/\" style=\"background-color:#ff0109\">Route Verlassen<\/a><\/div>\n<\/div>\n\n\n\n<figure class=\"wp-block-image size-large\"><img decoding=\"async\" loading=\"lazy\" width=\"572\" height=\"798\" src=\"https:\/\/route.ckersten.de\/wp-content\/uploads\/2020\/06\/Route1.8.jpg\" alt=\"\" class=\"wp-image-68\" srcset=\"https:\/\/route.ckersten.de\/wp-content\/uploads\/2020\/06\/Route1.8.jpg 572w, https:\/\/route.ckersten.de\/wp-content\/uploads\/2020\/06\/Route1.8-215x300.jpg 215w\" sizes=\"(max-width: 572px) 100vw, 572px\" \/><\/figure>\n\n\n\n<p>Hauptquelle: Typoskript eines Vortrags, 15. Mai 1939 von Hans Fellinger zur Feier des 150-j\u00e4hrigen Bestehens der Firma (im Besitz der Familie Fellinger) &amp; Auswertung eines Textes der Festschrift zum 175-j\u00e4hringen Jubil\u00e4um<\/p>\n","protected":false},"excerpt":{"rendered":"<p>F\u00e4rberei Fellinger Die Rosstra\u00dfe z\u00e4hlt zu den \u00e4ltesten F\u00e4rbereistandorten in Aachen, da hier urspr\u00fcnglich das Wasser des Paubachs entlang floss. F\u00e4rbereien waren f\u00fcr das Aachener Tuchgewerbe unerl\u00e4sslich, da erst das F\u00e4rben den Tuchen ihr attraktives Aussehen verleihet und diese T\u00e4tigkeit gro\u00dfes Fachwissen erfordert. Eine der am Paubach im 18. Jahrhundert<a class=\"moretag\" href=\"https:\/\/route.ckersten.de\/index.php\/route-1\/route-1-station-8\/\"> Weiterlesen<\/a><\/p>\n","protected":false},"author":1,"featured_media":14,"parent":19,"menu_order":0,"comment_status":"closed","ping_status":"closed","template":"","meta":[],"_links":{"self":[{"href":"https:\/\/route.ckersten.de\/index.php\/wp-json\/wp\/v2\/pages\/96"}],"collection":[{"href":"https:\/\/route.ckersten.de\/index.php\/wp-json\/wp\/v2\/pages"}],"about":[{"href":"https:\/\/route.ckersten.de\/index.php\/wp-json\/wp\/v2\/types\/page"}],"author":[{"embeddable":true,"href":"https:\/\/route.ckersten.de\/index.php\/wp-json\/wp\/v2\/users\/1"}],"replies":[{"embeddable":true,"href":"https:\/\/route.ckersten.de\/index.php\/wp-json\/wp\/v2\/comments?post=96"}],"version-history":[{"count":10,"href":"https:\/\/route.ckersten.de\/index.php\/wp-json\/wp\/v2\/pages\/96\/revisions"}],"predecessor-version":[{"id":350,"href":"https:\/\/route.ckersten.de\/index.php\/wp-json\/wp\/v2\/pages\/96\/revisions\/350"}],"up":[{"embeddable":true,"href":"https:\/\/route.ckersten.de\/index.php\/wp-json\/wp\/v2\/pages\/19"}],"wp:featuredmedia":[{"embeddable":true,"href":"https:\/\/route.ckersten.de\/index.php\/wp-json\/wp\/v2\/media\/14"}],"wp:attachment":[{"href":"https:\/\/route.ckersten.de\/index.php\/wp-json\/wp\/v2\/media?parent=96"}],"curies":[{"name":"wp","href":"https:\/\/api.w.org\/{rel}","templated":true}]}}